{"id":3649,"date":"2023-09-12T13:01:15","date_gmt":"2023-09-12T12:01:15","guid":{"rendered":"https:\/\/www.petitesarvinesfully.ch\/inscription-a-la-newsletter\/"},"modified":"2026-02-11T12:20:43","modified_gmt":"2026-02-11T11:20:43","slug":"inscription-a-la-newsletter","status":"publish","type":"page","link":"https:\/\/www.petitesarvinesfully.ch\/de\/anmeldung-zum-newsletter\/","title":{"rendered":"Anmeldung zum Newsletter"},"content":{"rendered":"<div class=\"wpb-content-wrapper\"><p>[vc_row css=&#8220;.vc_custom_1631951537325{padding-top: 80px !important;padding-bottom: 80px !important;}&#8220;][vc_column][vc_custom_heading text=&#8220;Anmeldung zum Newsletter&#8220; font_container=&#8220;tag:h1|text_align:center&#8220; use_theme_fonts=&#8220;yes&#8220; css=&#8220;&#8220; el_class=&#8220;primary-color uppercase&#8220;][\/vc_column][\/vc_row][vc_row disable_element=&#8220;yes&#8220;][vc_column width=&#8220;1\/12&#8243;][\/vc_column][vc_column width=&#8220;10\/12&#8243; el_class=&#8220;petite-contact-form&#8220;][vc_raw_js]JTNDc2NyaXB0JTIwdHlwZSUzRCUyMnRleHQlMkZqYXZhc2NyaXB0JTIyJTIwc3JjJTNEJTIyaHR0cHMlM0ElMkYlMkZ3ZWJmb3JtLnN0YXRzbGl2ZS5pbmZvJTJGb3clMkZleUpwZGlJNklrNXBWMXd2Wm1kR1hDOUpjMHB6WlZKVVdYWmNMMGRjTDFaWmVWQnJTVVZDU1c1R1VqRmlUM0pFTURKVWMzb3dQU0lzSW0xaFl5STZJamcxTlRBeU1EQmtZV1F3TjJJNVltVXlPRFV4WXpZek56RTNZams1WWpnNE1UZGpNMlV3TTJZeU1ETmlNVE15WTJNek5qSmlZV0kxTWpKalpESTBZVEFpTENKMllXeDFaU0k2SWtnMWRXNVBSREJzT0VaaWRYUlVOVXhoWlhCQ2NGd3ZLMkV6WkdkMVNtdGtkMFpxUTNwMFdrRmtjMDlKUFNKOSUyMiUzRSUzQyUyRnNjcmlwdCUzRQ==[\/vc_raw_js][\/vc_column][vc_column width=&#8220;1\/12&#8243;][\/vc_column][\/vc_row][vc_row][vc_column width=&#8220;1\/12&#8243;][\/vc_column][vc_column width=&#8220;10\/12&#8243; el_class=&#8220;petite-contact-form&#8220;][vc_raw_html css=&#8220;&#8220;]JTNDZGl2JTIwY2xhc3MlM0QlMjJpbnNjcmlwdGlvbi1uZXdzbGV0dGVyLWZvcm0lMjIlM0UlMEQlMEElMjAlMjAlMjAlMjAlM0Nmb3JtJTIwbWV0aG9kJTNEJTIycG9zdCUyMiUyMGFjdGlvbiUzRCUyMmh0dHBzJTNBJTJGJTJGbmV3c2xldHRlci5pbmZvbWFuaWFrLmNvbSUyRnYzJTJGYXBpJTJGMSUyRm5ld3NsZXR0ZXJzJTJGd2ViZm9ybXMlMkYyMzEwNiUyRnN1Ym1pdCUyMiUyMGNsYXNzJTNEJTIyaW5mLWZvcm0lMjIlMjB0YXJnZXQlM0QlMjJfYmxhbmslMjIlM0UlMEQlMEElMjAlMjAlMjAlMjAlMjAlMjAlMjAlMjAlM0NpbnB1dCUyMHR5cGUlM0QlMjJlbWFpbCUyMiUyMG5hbWUlM0QlMjJlbWFpbCUyMiUyMHN0eWxlJTNEJTIyZGlzcGxheSUzQW5vbmUlMjIlM0UlM0NpbnB1dCUyMHR5cGUlM0QlMjJoaWRkZW4lMjIlMjBuYW1lJTNEJTIya2V5JTIyJTBEJTBBJTIwJTIwJTIwJTIwJTIwJTIwJTIwJTIwJTIwJTIwJTIwJTIwdmFsdWUlM0QlMjJleUpwZGlJNklqUnVjbWRvWXl0S00wZ3hVMXd2ZEVoT0sySlJSRzFwY2paRGNVZ3pVMDFaYzBwaGNWaDRZbGQ0ZGtVd1BTSXNJbTFoWXlJNkltWTJPV0U0WlRGa1pqa3hPRGM1WldSaE0yRmlaRFl4WkRZNE1XTTVabVkxWVdaa04yUXhNR0ZrTVdNek5URTNaVGN4T0dabU1qWmhZV0ptTkRrek1XWWlMQ0oyWVd4MVpTSTZJblpUUVhwM1FXOVRPWGhoU1hONFRITnFZakJaYWxaRU5WTmhaRXhuVVc0Mk9ERnJSbWhWYkV0cVNUQTlJbjAlM0QlMjIlM0UlM0NpbnB1dCUwRCUwQSUyMCUyMCUyMCUyMCUyMCUyMCUyMCUyMCUyMCUyMCUyMCUyMHR5cGUlM0QlMjJoaWRkZW4lMjIlMjBuYW1lJTNEJTIyd2ViZm9ybV9pZCUyMiUyMHZhbHVlJTNEJTIyMjMxMDYlMjIlM0UlMEQlMEElMjAlMjAlMjAlMjAlMjAlMjAlMjAlMjAlM0NkaXYlMjBjbGFzcyUzRCUyMmluZi1tYWluXzg5MjQ1MjU3MTkyODlhMzM0M2E2ODlmYjBjZjI4ZjkzJTIyJTNFJTBEJTBBJTIwJTIwJTIwJTIwJTIwJTIwJTIwJTIwJTIwJTIwJTIwJTIwJTNDZGl2JTIwY2xhc3MlM0QlMjJpbmYtZm9ybS10aXRsZSUyMiUzRSUwRCUwQSUyMCUyMCUyMCUyMCUyMCUyMCUyMCUyMCUyMCUyMCUyMCUyMCUyMCUyMCUyMCUyMCUzQ3AlM0VFbnRkZWNrZW4lMjBTaWUlMjBkaWUlMjBXZWx0JTNDYnIlM0VkZXIlMjBQZXRpdGVzJTIwQXJ2aW5lcyUyMHZvbiUyMEZ1bGx5JTIxJTNDJTJGcCUzRSUwRCUwQSUyMCUyMCUyMCUyMCUyMCUyMCUyMCUyMCUyMCUyMCUyMCUyMCUyMCUyMCUyMCUyMCUzQ2RpdiUyMGNsYXNzJTNEJTIycG9wdXAlMjIlMjBvbmNsaWNrJTNEJTIyb3BlblRvb2x0aXAlMjglMjklMjIlM0UlM0NpJTIwY2xhc3MlM0QlMjJmYS1zb2xpZCUyMGZhLWNpcmNsZS1pbmZvJTIyJTNFJTNDJTJGaSUzRSUyMCUzQ3NwYW4lMEQlMEElMjAlMjAlMjAlMjAlMjAlMjAlMjAlMjAlMjAlMjAlMjAlMjAlMjAlMjAlMjAlMjAlMjAlMjAlMjAlMjAlMjAlMjAlMjAlMjBjbGFzcyUzRCUyMnBvcHVwdGV4dCUyMiUyMGlkJTNEJTIybXlUb29sdGlwJTIyJTNFSWhyZSUyMEUtTWFpbC1BZHJlc3NlJTIwd2lyZCUyMGF1c3NjaGxpZXNzbGljaCUyMHZlcndlbmRldCUyQyUyMHVtJTIwSWhuZW4lMjB1bnNlcmVuJTIwTmV3c2xldHRlciUyMHNvd2llJTIwSW5mb3JtYXRpb25lbiUyMCVDMyVCQ2JlciUyMHVuc2VyZSUyMEFrdGl2aXQlQzMlQTR0ZW4lMjB6dXp1c2VuZGVuLiUyMFNpZSUyMGslQzMlQjZubmVuJTIwamVkZXJ6ZWl0JTIwZGVuJTIwQWJtZWxkZWxpbmslMjBpbiUyMGplZGVyJTIwdW5zZXJlciUyMEUtTWFpbHMlMjBudXR6ZW4uJTNDJTJGc3BhbiUzRSUwRCUwQSUyMCUyMCUyMCUyMCUyMCUyMCUyMCUyMCUyMCUyMCUyMCUyMCUyMCUyMCUyMCUyMCUzQyUyRmRpdiUzRSUwRCUwQSUyMCUyMCUyMCUyMCUyMCUyMCUyMCUyMCUyMCUyMCUyMCUyMCUzQyUyRmRpdiUzRSUzQ3NwYW4lM0UlM0MlMkZzcGFuJTNFJTBEJTBBJTIwJTIwJTIwJTIwJTIwJTIwJTIwJTIwJTIwJTIwJTIwJTIwJTNDZGl2JTIwY2xhc3MlM0QlMjJpbmYtc3VjY2VzcyUyMiUyMHN0eWxlJTNEJTIyZGlzcGxheSUzQW5vbmUlMjIlM0UlMEQlMEElMjAlMjAlMjAlMjAlMjAlMjAlMjAlMjAlMjAlMjAlMjAlMjAlMjAlMjAlMjAlMjAlM0NwJTNFSWhyZSUyMEFubWVsZHVuZyUyMHd1cmRlJTIwZXJmb2xncmVpY2glMjByZWdpc3RyaWVydCUyMSUzQyUyRnAlM0UlMEQlMEElMjAlMjAlMjAlMjAlMjAlMjAlMjAlMjAlMjAlMjAlMjAlMjAlMjAlMjAlMjAlMjAlM0NwJTNFJTNDYSUyMGhyZWYlM0QlMjIlMjMlMjIlMjBjbGFzcyUzRCUyMmluZi1idG4lMjIlM0UlMjZsYXF1byUzQiUzQyUyRmElM0UlM0MlMkZwJTNFJTBEJTBBJTIwJTIwJTIwJTIwJTIwJTIwJTIwJTIwJTIwJTIwJTIwJTIwJTNDJTJGZGl2JTNFJTBEJTBBJTIwJTIwJTIwJTIwJTIwJTIwJTIwJTIwJTIwJTIwJTIwJTIwJTNDZGl2JTIwY2xhc3MlM0QlMjJpbmYtY29udGVudCUyMiUzRSUwRCUwQSUyMCUyMCUyMCUyMCUyMCUyMCUyMCUyMCUyMCUyMCUyMCUyMCUyMCUyMCUyMCUyMCUzQ2RpdiUyMGNsYXNzJTNEJTIyaW5mLWlucHV0JTIwaW5mLWlucHV0LXRleHQlMjIlM0UlM0NzZWxlY3QlMjBuYW1lJTNEJTIyaW5mJTVCNTE4NDklNUQlMjIlMjBkYXRhLWluZi1tZXRhJTNEJTIyNTE4NDklMjIlMEQlMEElMjAlMjAlMjAlMjAlMjAlMjAlMjAlMjAlMjAlMjAlMjAlMjAlMjAlMjAlMjAlMjAlMjAlMjAlMjAlMjAlMjAlMjAlMjAlMjBkYXRhLWluZi1lcnJvciUzRCUyMkRpZXNlcyUyMEZlbGQlMjBpc3QlMjBlcmZvcmRlcmxpY2glMjIlMjByZXF1aXJlZCUyMHBsYWNlaG9sZGVyJTNEJTIyQW5yZWRlJTIyJTNFJTBEJTBBJTIwJTIwJTIwJTIwJTIwJTIwJTIwJTIwJTIwJTIwJTIwJTIwJTIwJTIwJTIwJTIwJTIwJTIwJTIwJTIwJTIwJTIwJTIwJTIwJTNDb3B0aW9uJTIwdmFsdWUlM0QlMjJNYWRhbWUlMjIlMjBzZWxlY3RlZCUzRUZyYXUlM0MlMkZvcHRpb24lM0UlMEQlMEElMjAlMjAlMjAlMjAlMjAlMjAlMjAlMjAlMjAlMjAlMjAlMjAlMjAlMjAlMjAlMjAlMjAlMjAlMjAlMjAlMjAlMjAlMjAlMjAlM0NvcHRpb24lMjB2YWx1ZSUzRCUyMk1vbnNpZXVyJTIyJTNFSGVyciUzQyUyRm9wdGlvbiUzRSUwRCUwQSUyMCUyMCUyMCUyMCUyMCUyMCUyMCUyMCUyMCUyMCUyMCUyMCUyMCUyMCUyMCUyMCUyMCUyMCUyMCUyMCUzQyUyRnNlbGVjdCUzRSUzQyUyRmRpdiUzRSUwRCUwQSUyMCUyMCUyMCUyMCUyMCUyMCUyMCUyMCUyMCUyMCUyMCUyMCUyMCUyMCUyMCUyMCUzQ2RpdiUyMGNsYXNzJTNEJTIyaW5mLWlucHV0JTIwaW5mLWlucHV0LXRleHQlMjIlM0UlM0NpbnB1dCUyMHR5cGUlM0QlMjJ0ZXh0JTIyJTIwbmFtZSUzRCUyMmluZiU1QjIlNUQlMjIlMjBkYXRhLWluZi1tZXRhJTNEJTIyMiUyMiUwRCUwQSUyMCUyMCUyMCUyMCUyMCUyMCUyMCUyMCUyMCUyMCUyMCUyMCUyMCUyMCUyMCUyMCUyMCUyMCUyMCUyMCUyMCUyMCUyMCUyMGRhdGEtaW5mLWVycm9yJTNEJTIyQml0dGUlMjBnZWJlbiUyMFNpZSUyMElocmVuJTIwVm9ybmFtZW4lMjBlaW4lMjIlMjByZXF1aXJlZCUyMHBsYWNlaG9sZGVyJTNEJTIyVm9ybmFtZSUyMiUzRSUzQyUyRmRpdiUzRSUwRCUwQSUyMCUyMCUyMCUyMCUyMCUyMCUyMCUyMCUyMCUyMCUyMCUyMCUyMCUyMCUyMCUyMCUzQ2RpdiUyMGNsYXNzJTNEJTIyaW5mLWlucHV0JTIwaW5mLWlucHV0LXRleHQlMjIlM0UlM0NpbnB1dCUyMHR5cGUlM0QlMjJ0ZXh0JTIyJTIwbmFtZSUzRCUyMmluZiU1QjMlNUQlMjIlMjBkYXRhLWluZi1tZXRhJTNEJTIyMyUyMiUwRCUwQSUyMCUyMCUyMCUyMCUyMCUyMCUyMCUyMCUyMCUyMCUyMCUyMCUyMCUyMCUyMCUyMCUyMCUyMCUyMCUyMCUyMCUyMCUyMCUyMGRhdGEtaW5mLWVycm9yJTNEJTIyQml0dGUlMjBnZWJlbiUyMFNpZSUyMElocmVuJTIwTmFjaG5hbWVuJTIwZWluJTIyJTIwcmVxdWlyZWQlMjBwbGFjZWhvbGRlciUzRCUyMk5hY2huYW1lJTIyJTNFJTNDJTJGZGl2JTNFJTBEJTBBJTIwJTIwJTIwJTIwJTIwJTIwJTIwJTIwJTIwJTIwJTIwJTIwJTIwJTIwJTIwJTIwJTNDZGl2JTIwY2xhc3MlM0QlMjJpbmYtaW5wdXQlMjBpbmYtaW5wdXQtdGV4dCUyMiUzRSUzQ2lucHV0JTIwdHlwZSUzRCUyMmVtYWlsJTIyJTIwbmFtZSUzRCUyMmluZiU1QjElNUQlMjIlMjBkYXRhLWluZi1tZXRhJTNEJTIyMSUyMiUwRCUwQSUyMCUyMCUyMCUyMCUyMCUyMCUyMCUyMCUyMCUyMCUyMCUyMCUyMCUyMCUyMCUyMCUyMCUyMCUyMCUyMCUyMCUyMCUyMCUyMGRhdGEtaW5mLWVycm9yJTNEJTIyQml0dGUlMjBnZWJlbiUyMFNpZSUyMElocmUlMjBFLU1haWwtQWRyZXNzZSUyMGVpbiUyMiUyMHJlcXVpcmVkJTIwcGxhY2Vob2xkZXIlM0QlMjJFLU1haWwlMjIlM0UlM0MlMkZkaXYlM0UlMEQlMEElMjAlMjAlMjAlMjAlMjAlMjAlMjAlMjAlMjAlMjAlMjAlMjAlMjAlMjAlMjAlMjAlM0NzY3JpcHQlMjBzcmMlM0QlMjJodHRwcyUzQSUyRiUyRmV1LmFsdGNoYS5vcmclMkZqcyUyRmxhdGVzdCUyRmFsdGNoYS5taW4uanMlMjIlMjB0eXBlJTNEJTIybW9kdWxlJTIyJTIwZGVmZXIlM0UlM0MlMkZzY3JpcHQlM0UlMjAlM0NhbHRjaGEtd2lkZ2V0JTBEJTBBJTIwJTIwJTIwJTIwJTIwJTIwJTIwJTIwJTIwJTIwJTIwJTIwJTIwJTIwJTIwJTIwaGlkZWxvZ28lMjBoaWRlZm9vdGVyJTIwZmxvYXRpbmclMEQlMEElMjAlMjAlMjAlMjAlMjAlMjAlMjAlMjAlMjAlMjAlMjAlMjAlMjAlMjAlMjAlMjBjaGFsbGVuZ2V1cmwlM0QlMjJodHRwcyUzQSUyRiUyRm5ld3NsZXR0ZXIuaW5mb21hbmlhay5jb20lMkZ2MyUyRmFsdGNoYS1jaGFsbGVuZ2UlMjIlM0UlM0MlMkZhbHRjaGEtd2lkZ2V0JTNFJTBEJTBBJTIwJTIwJTIwJTIwJTIwJTIwJTIwJTIwJTIwJTIwJTIwJTIwJTIwJTIwJTIwJTIwJTNDc2NyaXB0JTIwc3JjJTNEJTIyaHR0cHMlM0ElMkYlMkZuZXdzbGV0dGVyLnN0b3JhZ2U1LmluZm9tYW5pYWsuY29tJTJGbWNhcHRjaGElMkZhbHRjaGEuanMlMjIlMjBkZWZlciUzRSUyMCUzQyUyRnNjcmlwdCUzRSUwRCUwQSUyMCUyMCUyMCUyMCUyMCUyMCUyMCUyMCUyMCUyMCUyMCUyMCUyMCUyMCUyMCUyMCUzQ2RpdiUyMGNsYXNzJTNEJTIyaW5mLXN1Ym1pdCUyMiUzRSUyMCUzQ2lucHV0JTIwdHlwZSUzRCUyMnN1Ym1pdCUyMiUyMG5hbWUlM0QlMjIlMjIlMjB2YWx1ZSUzRCUyMkFubWVsZGVuJTIyJTNFJTBEJTBBJTIwJTIwJTIwJTIwJTIwJTIwJTIwJTIwJTIwJTIwJTIwJTIwJTNDJTJGZGl2JTNFJTBEJTBBJTIwJTIwJTIwJTIwJTIwJTIwJTIwJTIwJTNDJTJGZGl2JTNFJTBEJTBBJTIwJTIwJTIwJTIwJTNDJTJGZm9ybSUzRSUwRCUwQSUyMCUyMCUyMCUyMCUzQ3NjcmlwdCUzRWZ1bmN0aW9uJTIwb3BlblRvb2x0aXAlMjglMjklMjAlN0IlMjB2YXIlMjBvJTIwJTNEJTIwZG9jdW1lbnQuZ2V0RWxlbWVudEJ5SWQlMjglMjJteVRvb2x0aXAlMjIlMjklM0IlMjBvLmNsYXNzTGlzdC50b2dnbGUlMjglMjJzaG93JTIyJTI5JTIwJTdEJTNDJTJGc2NyaXB0JTNFJTBEJTBBJTNDJTJGZGl2JTNF[\/vc_raw_html][\/vc_column][vc_column width=&#8220;1\/12&#8243;][\/vc_column][\/vc_row][vc_row][vc_column][vc_empty_space height=&#8220;50px&#8220;][\/vc_column][\/vc_row]<\/p>\n<\/div>","protected":false},"excerpt":{"rendered":"<p>[vc_row css=&#8220;.vc_custom_1631951537325{padding-top: 80px !important;padding-bottom: 80px !important;}&#8220;][vc_column][vc_custom_heading text=&#8220;Anmeldung zum Newsletter&#8220; font_container=&#8220;tag:h1|text_align:center&#8220; use_theme_fonts=&#8220;yes&#8220; css=&#8220;&#8220; el_class=&#8220;primary-color uppercase&#8220;][\/vc_column][\/vc_row][vc_row disable_element=&#8220;yes&#8220;][vc_column width=&#8220;1\/12&#8243;][\/vc_column][vc_column width=&#8220;10\/12&#8243; el_class=&#8220;petite-contact-form&#8220;][vc_raw_js]JTNDc2NyaXB0JTIwdHlwZSUzRCUyMnRleHQlMkZqYXZhc2NyaXB0JTIyJTIwc3JjJTNEJTIyaHR0cHMlM0ElMkYlMkZ3ZWJmb3JtLnN0YXRzbGl2ZS5pbmZvJTJGb3clMkZleUpwZGlJNklrNXBWMXd2Wm1kR1hDOUpjMHB6WlZKVVdYWmNMMGRjTDFaWmVWQnJTVVZDU1c1R1VqRmlUM0pFTURKVWMzb3dQU0lzSW0xaFl5STZJamcxTlRBeU1EQmtZV1F3TjJJNVltVXlPRFV4WXpZek56RTNZams1WWpnNE1UZGpNMlV3TTJZeU1ETmlNVE15WTJNek5qSmlZV0kxTWpKalpESTBZVEFpTENKMllXeDFaU0k2SWtnMWRXNVBSREJzT0VaaWRYUlVOVXhoWlhCQ2NGd3ZLMkV6WkdkMVNtdGtkMFpxUTNwMFdrRmtjMDlKUFNKOSUyMiUzRSUzQyUyRnNjcmlwdCUzRQ==[\/vc_raw_js][\/vc_column][vc_column width=&#8220;1\/12&#8243;][\/vc_column][\/vc_row][vc_row][vc_column width=&#8220;1\/12&#8243;][\/vc_column][vc_column&hellip; <a class=\"read-more\" href=\"https:\/\/www.petitesarvinesfully.ch\/de\/anmeldung-zum-newsletter\/\">Weiterlesen <span class=\"screen-reader-text\">Anmeldung zum Newsletter<\/span><\/a><\/p>\n","protected":false},"author":2,"featured_media":0,"parent":0,"menu_order":0,"comment_status":"closed","ping_status":"closed","template":"","meta":{"_acf_changed":false,"inline_featured_image":false,"footnotes":""},"class_list":["post-3649","page","type-page","status-publish","hentry"],"acf":[],"yoast_head":"<!-- This site is optimized with the Yoast SEO plugin v27.3 - https:\/\/yoast.com\/product\/yoast-seo-wordpress\/ -->\n<title>La Petite Arvine de Fully : inscription \u00e0 la newsletter<\/title>\n<meta name=\"description\" content=\"Fully est le berceau de la Petite Arvine. Le sol cristallin, terrain de jeu de nombreux artisans, conf\u00e8re au vin un go\u00fbt unique. D\u00e9couvrez notre terroir et venez d\u00e9guster nos sp\u00e9cialit\u00e9s.\" \/>\n<meta name=\"robots\" content=\"index, follow, max-snippet:-1, max-image-preview:large, max-video-preview:-1\" \/>\n<link rel=\"canonical\" href=\"https:\/\/www.petitesarvinesfully.ch\/de\/anmeldung-zum-newsletter\/\" \/>\n<meta property=\"og:locale\" content=\"de_DE\" \/>\n<meta property=\"og:type\" content=\"article\" \/>\n<meta property=\"og:title\" content=\"La Petite Arvine de Fully : inscription \u00e0 la newsletter\" \/>\n<meta property=\"og:description\" content=\"Fully est le berceau de la Petite Arvine. Le sol cristallin, terrain de jeu de nombreux artisans, conf\u00e8re au vin un go\u00fbt unique. D\u00e9couvrez notre terroir et venez d\u00e9guster nos sp\u00e9cialit\u00e9s.\" \/>\n<meta property=\"og:url\" content=\"https:\/\/www.petitesarvinesfully.ch\/de\/anmeldung-zum-newsletter\/\" \/>\n<meta property=\"og:site_name\" content=\"Petite Arvine\" \/>\n<meta property=\"article:publisher\" content=\"https:\/\/www.facebook.com\/petitesarvinesfully\" \/>\n<meta property=\"article:modified_time\" content=\"2026-02-11T11:20:43+00:00\" \/>\n<meta name=\"twitter:card\" content=\"summary_large_image\" \/>\n<meta name=\"twitter:label1\" content=\"Gesch\u00e4tzte Lesezeit\" \/>\n\t<meta name=\"twitter:data1\" content=\"1\u00a0Minute\" \/>\n<script type=\"application\/ld+json\" class=\"yoast-schema-graph\">{\"@context\":\"https:\\\/\\\/schema.org\",\"@graph\":[{\"@type\":\"WebPage\",\"@id\":\"https:\\\/\\\/www.petitesarvinesfully.ch\\\/de\\\/anmeldung-zum-newsletter\\\/\",\"url\":\"https:\\\/\\\/www.petitesarvinesfully.ch\\\/de\\\/anmeldung-zum-newsletter\\\/\",\"name\":\"La Petite Arvine de Fully : inscription \u00e0 la newsletter\",\"isPartOf\":{\"@id\":\"https:\\\/\\\/www.petitesarvinesfully.ch\\\/de\\\/#website\"},\"datePublished\":\"2023-09-12T12:01:15+00:00\",\"dateModified\":\"2026-02-11T11:20:43+00:00\",\"description\":\"Fully est le berceau de la Petite Arvine. Le sol cristallin, terrain de jeu de nombreux artisans, conf\u00e8re au vin un go\u00fbt unique. D\u00e9couvrez notre terroir et venez d\u00e9guster nos sp\u00e9cialit\u00e9s.\",\"breadcrumb\":{\"@id\":\"https:\\\/\\\/www.petitesarvinesfully.ch\\\/de\\\/anmeldung-zum-newsletter\\\/#breadcrumb\"},\"inLanguage\":\"de\",\"potentialAction\":[{\"@type\":\"ReadAction\",\"target\":[\"https:\\\/\\\/www.petitesarvinesfully.ch\\\/de\\\/anmeldung-zum-newsletter\\\/\"]}]},{\"@type\":\"BreadcrumbList\",\"@id\":\"https:\\\/\\\/www.petitesarvinesfully.ch\\\/de\\\/anmeldung-zum-newsletter\\\/#breadcrumb\",\"itemListElement\":[{\"@type\":\"ListItem\",\"position\":1,\"name\":\"Accueil\",\"item\":\"https:\\\/\\\/www.petitesarvinesfully.ch\\\/de\\\/\"},{\"@type\":\"ListItem\",\"position\":2,\"name\":\"Anmeldung zum Newsletter\"}]},{\"@type\":\"WebSite\",\"@id\":\"https:\\\/\\\/www.petitesarvinesfully.ch\\\/de\\\/#website\",\"url\":\"https:\\\/\\\/www.petitesarvinesfully.ch\\\/de\\\/\",\"name\":\"Petite Arvine\",\"description\":\"Just another WordPress site\",\"publisher\":{\"@id\":\"https:\\\/\\\/www.petitesarvinesfully.ch\\\/de\\\/#organization\"},\"potentialAction\":[{\"@type\":\"SearchAction\",\"target\":{\"@type\":\"EntryPoint\",\"urlTemplate\":\"https:\\\/\\\/www.petitesarvinesfully.ch\\\/de\\\/?s={search_term_string}\"},\"query-input\":{\"@type\":\"PropertyValueSpecification\",\"valueRequired\":true,\"valueName\":\"search_term_string\"}}],\"inLanguage\":\"de\"},{\"@type\":\"Organization\",\"@id\":\"https:\\\/\\\/www.petitesarvinesfully.ch\\\/de\\\/#organization\",\"name\":\"Fully Destination Petite Arvine\",\"url\":\"https:\\\/\\\/www.petitesarvinesfully.ch\\\/de\\\/\",\"logo\":{\"@type\":\"ImageObject\",\"inLanguage\":\"de\",\"@id\":\"https:\\\/\\\/www.petitesarvinesfully.ch\\\/de\\\/#\\\/schema\\\/logo\\\/image\\\/\",\"url\":\"https:\\\/\\\/www.petitesarvinesfully.ch\\\/wp-content\\\/uploads\\\/2023\\\/12\\\/logo-petites-arvines-fully.png\",\"contentUrl\":\"https:\\\/\\\/www.petitesarvinesfully.ch\\\/wp-content\\\/uploads\\\/2023\\\/12\\\/logo-petites-arvines-fully.png\",\"width\":1200,\"height\":1200,\"caption\":\"Fully Destination Petite Arvine\"},\"image\":{\"@id\":\"https:\\\/\\\/www.petitesarvinesfully.ch\\\/de\\\/#\\\/schema\\\/logo\\\/image\\\/\"},\"sameAs\":[\"https:\\\/\\\/www.facebook.com\\\/petitesarvinesfully\",\"https:\\\/\\\/www.instagram.com\\\/petitesarvinesfully\\\/\"]}]}<\/script>\n<!-- \/ Yoast SEO plugin. -->","yoast_head_json":{"title":"La Petite Arvine de Fully : inscription \u00e0 la newsletter","description":"Fully est le berceau de la Petite Arvine. Le sol cristallin, terrain de jeu de nombreux artisans, conf\u00e8re au vin un go\u00fbt unique. D\u00e9couvrez notre terroir et venez d\u00e9guster nos sp\u00e9cialit\u00e9s.","robots":{"index":"index","follow":"follow","max-snippet":"max-snippet:-1","max-image-preview":"max-image-preview:large","max-video-preview":"max-video-preview:-1"},"canonical":"https:\/\/www.petitesarvinesfully.ch\/de\/anmeldung-zum-newsletter\/","og_locale":"de_DE","og_type":"article","og_title":"La Petite Arvine de Fully : inscription \u00e0 la newsletter","og_description":"Fully est le berceau de la Petite Arvine. Le sol cristallin, terrain de jeu de nombreux artisans, conf\u00e8re au vin un go\u00fbt unique. D\u00e9couvrez notre terroir et venez d\u00e9guster nos sp\u00e9cialit\u00e9s.","og_url":"https:\/\/www.petitesarvinesfully.ch\/de\/anmeldung-zum-newsletter\/","og_site_name":"Petite Arvine","article_publisher":"https:\/\/www.facebook.com\/petitesarvinesfully","article_modified_time":"2026-02-11T11:20:43+00:00","twitter_card":"summary_large_image","twitter_misc":{"Gesch\u00e4tzte Lesezeit":"1\u00a0Minute"},"schema":{"@context":"https:\/\/schema.org","@graph":[{"@type":"WebPage","@id":"https:\/\/www.petitesarvinesfully.ch\/de\/anmeldung-zum-newsletter\/","url":"https:\/\/www.petitesarvinesfully.ch\/de\/anmeldung-zum-newsletter\/","name":"La Petite Arvine de Fully : inscription \u00e0 la newsletter","isPartOf":{"@id":"https:\/\/www.petitesarvinesfully.ch\/de\/#website"},"datePublished":"2023-09-12T12:01:15+00:00","dateModified":"2026-02-11T11:20:43+00:00","description":"Fully est le berceau de la Petite Arvine. Le sol cristallin, terrain de jeu de nombreux artisans, conf\u00e8re au vin un go\u00fbt unique. D\u00e9couvrez notre terroir et venez d\u00e9guster nos sp\u00e9cialit\u00e9s.","breadcrumb":{"@id":"https:\/\/www.petitesarvinesfully.ch\/de\/anmeldung-zum-newsletter\/#breadcrumb"},"inLanguage":"de","potentialAction":[{"@type":"ReadAction","target":["https:\/\/www.petitesarvinesfully.ch\/de\/anmeldung-zum-newsletter\/"]}]},{"@type":"BreadcrumbList","@id":"https:\/\/www.petitesarvinesfully.ch\/de\/anmeldung-zum-newsletter\/#breadcrumb","itemListElement":[{"@type":"ListItem","position":1,"name":"Accueil","item":"https:\/\/www.petitesarvinesfully.ch\/de\/"},{"@type":"ListItem","position":2,"name":"Anmeldung zum Newsletter"}]},{"@type":"WebSite","@id":"https:\/\/www.petitesarvinesfully.ch\/de\/#website","url":"https:\/\/www.petitesarvinesfully.ch\/de\/","name":"Petite Arvine","description":"Just another WordPress site","publisher":{"@id":"https:\/\/www.petitesarvinesfully.ch\/de\/#organization"},"potentialAction":[{"@type":"SearchAction","target":{"@type":"EntryPoint","urlTemplate":"https:\/\/www.petitesarvinesfully.ch\/de\/?s={search_term_string}"},"query-input":{"@type":"PropertyValueSpecification","valueRequired":true,"valueName":"search_term_string"}}],"inLanguage":"de"},{"@type":"Organization","@id":"https:\/\/www.petitesarvinesfully.ch\/de\/#organization","name":"Fully Destination Petite Arvine","url":"https:\/\/www.petitesarvinesfully.ch\/de\/","logo":{"@type":"ImageObject","inLanguage":"de","@id":"https:\/\/www.petitesarvinesfully.ch\/de\/#\/schema\/logo\/image\/","url":"https:\/\/www.petitesarvinesfully.ch\/wp-content\/uploads\/2023\/12\/logo-petites-arvines-fully.png","contentUrl":"https:\/\/www.petitesarvinesfully.ch\/wp-content\/uploads\/2023\/12\/logo-petites-arvines-fully.png","width":1200,"height":1200,"caption":"Fully Destination Petite Arvine"},"image":{"@id":"https:\/\/www.petitesarvinesfully.ch\/de\/#\/schema\/logo\/image\/"},"sameAs":["https:\/\/www.facebook.com\/petitesarvinesfully","https:\/\/www.instagram.com\/petitesarvinesfully\/"]}]}},"_links":{"self":[{"href":"https:\/\/www.petitesarvinesfully.ch\/de\/wp-json\/wp\/v2\/pages\/3649","targetHints":{"allow":["GET"]}}],"collection":[{"href":"https:\/\/www.petitesarvinesfully.ch\/de\/wp-json\/wp\/v2\/pages"}],"about":[{"href":"https:\/\/www.petitesarvinesfully.ch\/de\/wp-json\/wp\/v2\/types\/page"}],"author":[{"embeddable":true,"href":"https:\/\/www.petitesarvinesfully.ch\/de\/wp-json\/wp\/v2\/users\/2"}],"replies":[{"embeddable":true,"href":"https:\/\/www.petitesarvinesfully.ch\/de\/wp-json\/wp\/v2\/comments?post=3649"}],"version-history":[{"count":2,"href":"https:\/\/www.petitesarvinesfully.ch\/de\/wp-json\/wp\/v2\/pages\/3649\/revisions"}],"predecessor-version":[{"id":3651,"href":"https:\/\/www.petitesarvinesfully.ch\/de\/wp-json\/wp\/v2\/pages\/3649\/revisions\/3651"}],"wp:attachment":[{"href":"https:\/\/www.petitesarvinesfully.ch\/de\/wp-json\/wp\/v2\/media?parent=3649"}],"curies":[{"name":"wp","href":"https:\/\/api.w.org\/{rel}","templated":true}]}}