{"id":1764,"date":"2023-02-15T09:34:16","date_gmt":"2023-02-15T08:34:16","guid":{"rendered":"https:\/\/www.petitesarvinesfully.ch\/?page_id=1764"},"modified":"2025-05-20T06:54:21","modified_gmt":"2025-05-20T04:54:21","slug":"histoires-darvines","status":"publish","type":"page","link":"https:\/\/www.petitesarvinesfully.ch\/de\/histoires-darvines\/","title":{"rendered":"HISTOIRES D&#8217;ARVINES"},"content":{"rendered":"<div class=\"wpb-content-wrapper\"><p>[vc_row css=&#8220;.vc_custom_1660202763521{padding-top: 80px !important;padding-bottom: 80px !important;}&#8220; el_class=&#8220;mb-padding-40&#8243;][vc_column width=&#8220;7\/12&#8243;][vc_custom_heading text=&#8220;HISTOIRES D&#8217;ARVINES<br \/>\nEntdecken Sie eine einmalige Region, die Weinberge der Petite Arvine de Fully und die Leidenschaft ihrer Winzerinnen und Winzer.&#8220; font_container=&#8220;tag:h1|text_align:left&#8220; use_theme_fonts=&#8220;yes&#8220; el_class=&#8220;primary-color&#8220;][\/vc_column][vc_column width=&#8220;5\/12&#8243;][vc_column_text css=&#8220;&#8220; el_class=&#8220;zo-producer-desc&#8220;]<strong>Tauchen Sie mit diesen Geschichten, erz\u00e4hlt von den Mitgliedern des PRE <em>Fully Destination Petite Arvine,<\/em>\u00a0in die Welt der Weinberge ein<\/strong>.[\/vc_column_text][\/vc_column][\/vc_row][vc_row][vc_column][zo_fancybox_single icon_type=&#8220;upload&#8220; image=&#8220;1386&#8243; zo_template=&#8220;zo_fancybox_single&#8211;icon.php&#8220;][zo_grid col_xs=&#8220;1&#8243; col_sm=&#8220;2&#8243; col_md=&#8220;3&#8243; col_lg=&#8220;4&#8243; display_pagination=&#8220;&#8220; title_link=&#8220;1&#8243; source=&#8220;size:100|order_by:date|order:DESC|post_type:videos&#8220; zo_template=&#8220;zo_grid&#8211;videos.php&#8220;][\/vc_column][\/vc_row]<\/p>\n<\/div>","protected":false},"excerpt":{"rendered":"<p>[vc_row css=&#8220;.vc_custom_1660202763521{padding-top: 80px !important;padding-bottom: 80px !important;}&#8220; el_class=&#8220;mb-padding-40&#8243;][vc_column width=&#8220;7\/12&#8243;][vc_custom_heading text=&#8220;HISTOIRES D&#8217;ARVINES Entdecken Sie eine einmalige Region, die Weinberge der Petite Arvine&hellip; <a class=\"read-more\" href=\"https:\/\/www.petitesarvinesfully.ch\/de\/histoires-darvines\/\">Weiterlesen <span class=\"screen-reader-text\">HISTOIRES D&#8217;ARVINES<\/span><\/a><\/p>\n","protected":false},"author":2,"featured_media":0,"parent":0,"menu_order":0,"comment_status":"closed","ping_status":"closed","template":"","meta":{"_acf_changed":false,"inline_featured_image":false,"footnotes":""},"class_list":["post-1764","page","type-page","status-publish","hentry"],"acf":[],"yoast_head":"<!-- This site is optimized with the Yoast SEO plugin v27.3 - https:\/\/yoast.com\/product\/yoast-seo-wordpress\/ -->\n<title>La Petite Arvine de Fully : c\u00e9page et projet de d\u00e9veloppement r\u00e9gional<\/title>\n<meta name=\"description\" content=\"Fully est le berceau de la Petite Arvine. Le sol cristallin, terrain de jeu de nombreux artisans, conf\u00e8re au vin un go\u00fbt unique. D\u00e9couvrez notre terroir et venez d\u00e9guster nos sp\u00e9cialit\u00e9s.\" \/>\n<meta name=\"robots\" content=\"index, follow, max-snippet:-1, max-image-preview:large, max-video-preview:-1\" \/>\n<link rel=\"canonical\" href=\"https:\/\/www.petitesarvinesfully.ch\/de\/histoires-darvines\/\" \/>\n<meta property=\"og:locale\" content=\"de_DE\" \/>\n<meta property=\"og:type\" content=\"article\" \/>\n<meta property=\"og:title\" content=\"La Petite Arvine de Fully : c\u00e9page et projet de d\u00e9veloppement r\u00e9gional\" \/>\n<meta property=\"og:description\" content=\"Fully est le berceau de la Petite Arvine. Le sol cristallin, terrain de jeu de nombreux artisans, conf\u00e8re au vin un go\u00fbt unique. D\u00e9couvrez notre terroir et venez d\u00e9guster nos sp\u00e9cialit\u00e9s.\" \/>\n<meta property=\"og:url\" content=\"https:\/\/www.petitesarvinesfully.ch\/de\/histoires-darvines\/\" \/>\n<meta property=\"og:site_name\" content=\"Petite Arvine\" \/>\n<meta property=\"article:publisher\" content=\"https:\/\/www.facebook.com\/petitesarvinesfully\" \/>\n<meta property=\"article:modified_time\" content=\"2025-05-20T04:54:21+00:00\" \/>\n<meta name=\"twitter:card\" content=\"summary_large_image\" \/>\n<meta name=\"twitter:label1\" content=\"Gesch\u00e4tzte Lesezeit\" \/>\n\t<meta name=\"twitter:data1\" content=\"1\u00a0Minute\" \/>\n<script type=\"application\/ld+json\" class=\"yoast-schema-graph\">{\"@context\":\"https:\\\/\\\/schema.org\",\"@graph\":[{\"@type\":\"WebPage\",\"@id\":\"https:\\\/\\\/www.petitesarvinesfully.ch\\\/de\\\/histoires-darvines\\\/\",\"url\":\"https:\\\/\\\/www.petitesarvinesfully.ch\\\/de\\\/histoires-darvines\\\/\",\"name\":\"La Petite Arvine de Fully : c\u00e9page et projet de d\u00e9veloppement r\u00e9gional\",\"isPartOf\":{\"@id\":\"https:\\\/\\\/www.petitesarvinesfully.ch\\\/de\\\/#website\"},\"datePublished\":\"2023-02-15T08:34:16+00:00\",\"dateModified\":\"2025-05-20T04:54:21+00:00\",\"description\":\"Fully est le berceau de la Petite Arvine. Le sol cristallin, terrain de jeu de nombreux artisans, conf\u00e8re au vin un go\u00fbt unique. D\u00e9couvrez notre terroir et venez d\u00e9guster nos sp\u00e9cialit\u00e9s.\",\"breadcrumb\":{\"@id\":\"https:\\\/\\\/www.petitesarvinesfully.ch\\\/de\\\/histoires-darvines\\\/#breadcrumb\"},\"inLanguage\":\"de\",\"potentialAction\":[{\"@type\":\"ReadAction\",\"target\":[\"https:\\\/\\\/www.petitesarvinesfully.ch\\\/de\\\/histoires-darvines\\\/\"]}]},{\"@type\":\"BreadcrumbList\",\"@id\":\"https:\\\/\\\/www.petitesarvinesfully.ch\\\/de\\\/histoires-darvines\\\/#breadcrumb\",\"itemListElement\":[{\"@type\":\"ListItem\",\"position\":1,\"name\":\"Accueil\",\"item\":\"https:\\\/\\\/www.petitesarvinesfully.ch\\\/de\\\/\"},{\"@type\":\"ListItem\",\"position\":2,\"name\":\"HISTOIRES D&rsquo;ARVINES\"}]},{\"@type\":\"WebSite\",\"@id\":\"https:\\\/\\\/www.petitesarvinesfully.ch\\\/de\\\/#website\",\"url\":\"https:\\\/\\\/www.petitesarvinesfully.ch\\\/de\\\/\",\"name\":\"Petite Arvine\",\"description\":\"Just another WordPress site\",\"publisher\":{\"@id\":\"https:\\\/\\\/www.petitesarvinesfully.ch\\\/de\\\/#organization\"},\"potentialAction\":[{\"@type\":\"SearchAction\",\"target\":{\"@type\":\"EntryPoint\",\"urlTemplate\":\"https:\\\/\\\/www.petitesarvinesfully.ch\\\/de\\\/?s={search_term_string}\"},\"query-input\":{\"@type\":\"PropertyValueSpecification\",\"valueRequired\":true,\"valueName\":\"search_term_string\"}}],\"inLanguage\":\"de\"},{\"@type\":\"Organization\",\"@id\":\"https:\\\/\\\/www.petitesarvinesfully.ch\\\/de\\\/#organization\",\"name\":\"Fully Destination Petite Arvine\",\"url\":\"https:\\\/\\\/www.petitesarvinesfully.ch\\\/de\\\/\",\"logo\":{\"@type\":\"ImageObject\",\"inLanguage\":\"de\",\"@id\":\"https:\\\/\\\/www.petitesarvinesfully.ch\\\/de\\\/#\\\/schema\\\/logo\\\/image\\\/\",\"url\":\"https:\\\/\\\/www.petitesarvinesfully.ch\\\/wp-content\\\/uploads\\\/2023\\\/12\\\/logo-petites-arvines-fully.png\",\"contentUrl\":\"https:\\\/\\\/www.petitesarvinesfully.ch\\\/wp-content\\\/uploads\\\/2023\\\/12\\\/logo-petites-arvines-fully.png\",\"width\":1200,\"height\":1200,\"caption\":\"Fully Destination Petite Arvine\"},\"image\":{\"@id\":\"https:\\\/\\\/www.petitesarvinesfully.ch\\\/de\\\/#\\\/schema\\\/logo\\\/image\\\/\"},\"sameAs\":[\"https:\\\/\\\/www.facebook.com\\\/petitesarvinesfully\",\"https:\\\/\\\/www.instagram.com\\\/petitesarvinesfully\\\/\"]}]}<\/script>\n<!-- \/ Yoast SEO plugin. -->","yoast_head_json":{"title":"La Petite Arvine de Fully : c\u00e9page et projet de d\u00e9veloppement r\u00e9gional","description":"Fully est le berceau de la Petite Arvine. Le sol cristallin, terrain de jeu de nombreux artisans, conf\u00e8re au vin un go\u00fbt unique. D\u00e9couvrez notre terroir et venez d\u00e9guster nos sp\u00e9cialit\u00e9s.","robots":{"index":"index","follow":"follow","max-snippet":"max-snippet:-1","max-image-preview":"max-image-preview:large","max-video-preview":"max-video-preview:-1"},"canonical":"https:\/\/www.petitesarvinesfully.ch\/de\/histoires-darvines\/","og_locale":"de_DE","og_type":"article","og_title":"La Petite Arvine de Fully : c\u00e9page et projet de d\u00e9veloppement r\u00e9gional","og_description":"Fully est le berceau de la Petite Arvine. Le sol cristallin, terrain de jeu de nombreux artisans, conf\u00e8re au vin un go\u00fbt unique. D\u00e9couvrez notre terroir et venez d\u00e9guster nos sp\u00e9cialit\u00e9s.","og_url":"https:\/\/www.petitesarvinesfully.ch\/de\/histoires-darvines\/","og_site_name":"Petite Arvine","article_publisher":"https:\/\/www.facebook.com\/petitesarvinesfully","article_modified_time":"2025-05-20T04:54:21+00:00","twitter_card":"summary_large_image","twitter_misc":{"Gesch\u00e4tzte Lesezeit":"1\u00a0Minute"},"schema":{"@context":"https:\/\/schema.org","@graph":[{"@type":"WebPage","@id":"https:\/\/www.petitesarvinesfully.ch\/de\/histoires-darvines\/","url":"https:\/\/www.petitesarvinesfully.ch\/de\/histoires-darvines\/","name":"La Petite Arvine de Fully : c\u00e9page et projet de d\u00e9veloppement r\u00e9gional","isPartOf":{"@id":"https:\/\/www.petitesarvinesfully.ch\/de\/#website"},"datePublished":"2023-02-15T08:34:16+00:00","dateModified":"2025-05-20T04:54:21+00:00","description":"Fully est le berceau de la Petite Arvine. Le sol cristallin, terrain de jeu de nombreux artisans, conf\u00e8re au vin un go\u00fbt unique. D\u00e9couvrez notre terroir et venez d\u00e9guster nos sp\u00e9cialit\u00e9s.","breadcrumb":{"@id":"https:\/\/www.petitesarvinesfully.ch\/de\/histoires-darvines\/#breadcrumb"},"inLanguage":"de","potentialAction":[{"@type":"ReadAction","target":["https:\/\/www.petitesarvinesfully.ch\/de\/histoires-darvines\/"]}]},{"@type":"BreadcrumbList","@id":"https:\/\/www.petitesarvinesfully.ch\/de\/histoires-darvines\/#breadcrumb","itemListElement":[{"@type":"ListItem","position":1,"name":"Accueil","item":"https:\/\/www.petitesarvinesfully.ch\/de\/"},{"@type":"ListItem","position":2,"name":"HISTOIRES D&rsquo;ARVINES"}]},{"@type":"WebSite","@id":"https:\/\/www.petitesarvinesfully.ch\/de\/#website","url":"https:\/\/www.petitesarvinesfully.ch\/de\/","name":"Petite Arvine","description":"Just another WordPress site","publisher":{"@id":"https:\/\/www.petitesarvinesfully.ch\/de\/#organization"},"potentialAction":[{"@type":"SearchAction","target":{"@type":"EntryPoint","urlTemplate":"https:\/\/www.petitesarvinesfully.ch\/de\/?s={search_term_string}"},"query-input":{"@type":"PropertyValueSpecification","valueRequired":true,"valueName":"search_term_string"}}],"inLanguage":"de"},{"@type":"Organization","@id":"https:\/\/www.petitesarvinesfully.ch\/de\/#organization","name":"Fully Destination Petite Arvine","url":"https:\/\/www.petitesarvinesfully.ch\/de\/","logo":{"@type":"ImageObject","inLanguage":"de","@id":"https:\/\/www.petitesarvinesfully.ch\/de\/#\/schema\/logo\/image\/","url":"https:\/\/www.petitesarvinesfully.ch\/wp-content\/uploads\/2023\/12\/logo-petites-arvines-fully.png","contentUrl":"https:\/\/www.petitesarvinesfully.ch\/wp-content\/uploads\/2023\/12\/logo-petites-arvines-fully.png","width":1200,"height":1200,"caption":"Fully Destination Petite Arvine"},"image":{"@id":"https:\/\/www.petitesarvinesfully.ch\/de\/#\/schema\/logo\/image\/"},"sameAs":["https:\/\/www.facebook.com\/petitesarvinesfully","https:\/\/www.instagram.com\/petitesarvinesfully\/"]}]}},"_links":{"self":[{"href":"https:\/\/www.petitesarvinesfully.ch\/de\/wp-json\/wp\/v2\/pages\/1764","targetHints":{"allow":["GET"]}}],"collection":[{"href":"https:\/\/www.petitesarvinesfully.ch\/de\/wp-json\/wp\/v2\/pages"}],"about":[{"href":"https:\/\/www.petitesarvinesfully.ch\/de\/wp-json\/wp\/v2\/types\/page"}],"author":[{"embeddable":true,"href":"https:\/\/www.petitesarvinesfully.ch\/de\/wp-json\/wp\/v2\/users\/2"}],"replies":[{"embeddable":true,"href":"https:\/\/www.petitesarvinesfully.ch\/de\/wp-json\/wp\/v2\/comments?post=1764"}],"version-history":[{"count":2,"href":"https:\/\/www.petitesarvinesfully.ch\/de\/wp-json\/wp\/v2\/pages\/1764\/revisions"}],"predecessor-version":[{"id":3065,"href":"https:\/\/www.petitesarvinesfully.ch\/de\/wp-json\/wp\/v2\/pages\/1764\/revisions\/3065"}],"wp:attachment":[{"href":"https:\/\/www.petitesarvinesfully.ch\/de\/wp-json\/wp\/v2\/media?parent=1764"}],"curies":[{"name":"wp","href":"https:\/\/api.w.org\/{rel}","templated":true}]}}