{"id":1173,"date":"2021-08-14T07:13:16","date_gmt":"2021-08-14T07:13:16","guid":{"rendered":"https:\/\/www.petitesarvinesfully.ch\/terroir\/"},"modified":"2024-01-25T10:08:34","modified_gmt":"2024-01-25T09:08:34","slug":"das-terroir","status":"publish","type":"page","link":"https:\/\/www.petitesarvinesfully.ch\/de\/das-terroir\/","title":{"rendered":"DAS TERROIR"},"content":{"rendered":"<div class=\"wpb-content-wrapper\"><p>[vc_row css=&#8220;.vc_custom_1634543778406{padding-top: 80px !important;padding-bottom: 80px !important;}&#8220; el_class=&#8220;mb-padding-40&#8243;][vc_column][vc_custom_heading text=&#8220;IM WALLIS GEDEIEN DIE PETITES ARVINVES VON FULLY<br \/>\nAUF EINEM EINZIGARTIGEN KRISTALLINEN TERROIR&#8220; font_container=&#8220;tag:h1|text_align:center&#8220; use_theme_fonts=&#8220;yes&#8220; el_class=&#8220;primary-color&#8220;][\/vc_column][\/vc_row][vc_row][vc_column][zo_fancybox_single icon_type=&#8220;upload&#8220; image=&#8220;1397&#8243; zo_template=&#8220;zo_fancybox_single&#8211;icon.php&#8220;][vc_column_text el_class=&#8220;petite-max800&#8243; css=&#8220;.vc_custom_1656481061936{padding-top: 70px !important;padding-bottom: 80px !important;}&#8220;]Eine halbe Milliarde Jahre!: soviel Zeit nahm die geologische Geschichte in Anspruch, um die wundervolle Landschaft der <strong>Weinberge von Fully<\/strong> zu formen \u2013 da, wo sich die Reben dank unz\u00e4hliger Trockensteinmauern an die steilen Abh\u00e4nge klammern k\u00f6nnen. Diese atemberaubende Landschaft mit ihrer reichen Fauna und Flora ist f\u00fcr die <a href=\"https:\/\/www.petitesarvinesfully.ch\/de\/die-produzenten\/\">Produzenten<\/a> eine t\u00e4gliche Quelle der Inspiration und von reiner Freude. Die Weinst\u00f6cke werden an Steilh\u00e4ngen angelegten Rebbergen zwischen 450 und 900 m auf Terrassen inmitten von H\u00fcgeln angepflanzt, genauso, wie das mystische \u00abCombe d\u2019Enfer\u00bb (= Tal der H\u00f6lle).<\/p>\n<p><em><strong>Combe d\u2019Enfer<\/strong><\/em>, so heisst der symboltr\u00e4chtige Weinberg von Fully, der <a href=\"https:\/\/www.petitesarvinesfully.ch\/de\/die-petites-arvines\/\">Hauptstadt des Petite Arvine<\/a>. Er wird so benannt, weil der Steilhang wie die Zuschauertrib\u00fcnen eines Amphitheaters strukturiert ist und, weil hier im Sommer eine Gluthitze herrscht. Ein einzigartiger, nat\u00fcrlicher Zirkus an einem schwindelerregenden Steilhang, der bis zum Himmel emporzusteigen scheint. Die Arbeit in diesen zwischen H\u00fcgeln und Kreten angelegten Rebberge ist \u00e4usserst beschwerlich. Es scheint, als wollte die Natur ihren Schatz bewahren. Das <em><strong>Combe d\u2019Enfer<\/strong><\/em> ist ein wellenf\u00f6rmiges Paradis, wo aus verschiedenen Rebsorten grosse Weine und kleine Kostbarkeiten in Flaschen abgef\u00fcllt werden. Ganz genau unter der Sonne.[\/vc_column_text][vc_separator color=&#8220;black&#8220; border_width=&#8220;2&#8243; el_width=&#8220;60&#8243;][\/vc_column][\/vc_row][vc_row css=&#8220;.vc_custom_1633686252852{padding-top: 55px !important;}&#8220;][vc_column][vc_single_image image=&#8220;1997&#8243; img_size=&#8220;full&#8220; alignment=&#8220;center&#8220;][\/vc_column][\/vc_row][vc_row css=&#8220;.vc_custom_1634545073443{margin-top: 60px !important;margin-bottom: 60px !important;padding-right: 120px !important;padding-left: 120px !important;}&#8220; el_class=&#8220;no-padding-mb&#8220;][vc_column width=&#8220;2\/5&#8243; css=&#8220;.vc_custom_1634367640275{padding-right: 30px !important;padding-left: 30px !important;}&#8220;][vc_single_image image=&#8220;536&#8243; img_size=&#8220;large&#8220; alignment=&#8220;right&#8220; css=&#8220;.vc_custom_1706173709521{padding-right: 20px !important;padding-left: 20px !important;}&#8220;][\/vc_column][vc_column width=&#8220;3\/5&#8243;][vc_column_text el_class=&#8220;petite-max1000 combe-box combe-box2&#8243;]<\/p>\n<h2><strong>DAS ERSCHEINUNGSBILD IST VOM COMBE D\u2019ENFER INSPIRIERT<\/strong><\/h2>\n<p>Das PRE <em>Fully Destination Petite Arvine<\/em> hat sich bei der Gestaltung seiner visuellen Identit\u00e4t vom mystischen <em><strong>Combe d\u2019Enfer<\/strong><\/em>, dem imperativen Etappenziel jeder Schweizer Reise, inspirieren lassen. Die feinen stilisierten Linien des Logo illustrieren symbolisch die im Halbkreis des Amphitheaters des <strong><em>Combe d\u2019Enfer<\/em><\/strong> auf Stufen angepflanzten Reben. Die Goldfarbe ist eine Ehrerbietung an die Sonne, welche diesen Rebberg so grossz\u00fcgig bestrahlt. Fully und das <em><strong>Combe d\u2019Enfer<\/strong><\/em> sind in einer ewigen Schicksalsgemeinschaft unzertrennlich vereint.<br \/>\nMit Erfolg und Stolz.[\/vc_column_text][\/vc_column][\/vc_row][vc_row css=&#8220;.vc_custom_1630728588735{padding-top: 80px !important;padding-bottom: 80px !important;}&#8220;][vc_column][vc_row_inner css=&#8220;.vc_custom_1630728603441{margin-bottom: 10px !important;}&#8220;][vc_column_inner][zo_heading class=&#8220;petite-center&#8220; text=&#8220;WEITERE LINKS&#8220; align=&#8220;center&#8220; zo_template=&#8220;zo_heading.php&#8220;][\/vc_column_inner][\/vc_row_inner][vc_row_inner][vc_column_inner width=&#8220;1\/3&#8243;][zo_fancybox_single icon_type=&#8220;upload&#8220; title_item=&#8220;DAS TERROIR&#8220; title_align=&#8220;center&#8220; link_icon=&#8220;yes&#8220; link_title=&#8220;yes&#8220; image=&#8220;941&#8243; link=&#8220;url:%2Fde%2Fdas-terroir%2F&#8220; zo_template=&#8220;zo_fancybox_single&#8211;lien.php&#8220;][\/vc_column_inner][vc_column_inner width=&#8220;1\/3&#8243;][zo_fancybox_single icon_type=&#8220;upload&#8220; title_item=&#8220;REBSORTE&#8220; title_align=&#8220;center&#8220; link_icon=&#8220;yes&#8220; link_title=&#8220;yes&#8220; image=&#8220;412&#8243; link=&#8220;url:%2Fde%2Fdie-petites-arvines%2F&#8220; zo_template=&#8220;zo_fancybox_single&#8211;lien.php&#8220;][\/vc_column_inner][vc_column_inner width=&#8220;1\/3&#8243;][zo_fancybox_single icon_type=&#8220;upload&#8220; title_item=&#8220;DIE PRODUZENTEN&#8220; title_align=&#8220;center&#8220; link_icon=&#8220;yes&#8220; link_title=&#8220;yes&#8220; image=&#8220;408&#8243; link=&#8220;url:%2Fde%2Fdie-produzenten%2F|target:_blank&#8220; zo_template=&#8220;zo_fancybox_single&#8211;lien.php&#8220;][\/vc_column_inner][\/vc_row_inner][\/vc_column][\/vc_row]<\/p>\n<\/div>","protected":false},"excerpt":{"rendered":"<p>[vc_row css=&#8220;.vc_custom_1634543778406{padding-top: 80px !important;padding-bottom: 80px !important;}&#8220; el_class=&#8220;mb-padding-40&#8243;][vc_column][vc_custom_heading text=&#8220;IM WALLIS GEDEIEN DIE PETITES ARVINVES VON FULLY AUF EINEM EINZIGARTIGEN KRISTALLINEN TERROIR&#8220;&hellip; <a class=\"read-more\" href=\"https:\/\/www.petitesarvinesfully.ch\/de\/das-terroir\/\">Weiterlesen <span class=\"screen-reader-text\">DAS TERROIR<\/span><\/a><\/p>\n","protected":false},"author":2,"featured_media":0,"parent":0,"menu_order":0,"comment_status":"closed","ping_status":"closed","template":"","meta":{"_acf_changed":false,"inline_featured_image":false,"footnotes":""},"class_list":["post-1173","page","type-page","status-publish","hentry"],"acf":[],"yoast_head":"<!-- This site is optimized with the Yoast SEO plugin v27.3 - https:\/\/yoast.com\/product\/yoast-seo-wordpress\/ -->\n<title>La Petite Arvine de Fully : c\u00e9page et projet de d\u00e9veloppement r\u00e9gional<\/title>\n<meta name=\"description\" content=\"Fully est le berceau de la Petite Arvine. Le sol cristallin, terrain de jeu de nombreux artisans, conf\u00e8re au vin un go\u00fbt unique. D\u00e9couvrez notre terroir et venez d\u00e9guster nos sp\u00e9cialit\u00e9s.\" \/>\n<meta name=\"robots\" content=\"index, follow, max-snippet:-1, max-image-preview:large, max-video-preview:-1\" \/>\n<link rel=\"canonical\" href=\"https:\/\/www.petitesarvinesfully.ch\/de\/das-terroir\/\" \/>\n<meta property=\"og:locale\" content=\"de_DE\" \/>\n<meta property=\"og:type\" content=\"article\" \/>\n<meta property=\"og:title\" content=\"La Petite Arvine de Fully : c\u00e9page et projet de d\u00e9veloppement r\u00e9gional\" \/>\n<meta property=\"og:description\" content=\"Fully est le berceau de la Petite Arvine. Le sol cristallin, terrain de jeu de nombreux artisans, conf\u00e8re au vin un go\u00fbt unique. D\u00e9couvrez notre terroir et venez d\u00e9guster nos sp\u00e9cialit\u00e9s.\" \/>\n<meta property=\"og:url\" content=\"https:\/\/www.petitesarvinesfully.ch\/de\/das-terroir\/\" \/>\n<meta property=\"og:site_name\" content=\"Petite Arvine\" \/>\n<meta property=\"article:publisher\" content=\"https:\/\/www.facebook.com\/petitesarvinesfully\" \/>\n<meta property=\"article:modified_time\" content=\"2024-01-25T09:08:34+00:00\" \/>\n<meta name=\"twitter:card\" content=\"summary_large_image\" \/>\n<meta name=\"twitter:label1\" content=\"Gesch\u00e4tzte Lesezeit\" \/>\n\t<meta name=\"twitter:data1\" content=\"2\u00a0Minuten\" \/>\n<script type=\"application\/ld+json\" class=\"yoast-schema-graph\">{\"@context\":\"https:\\\/\\\/schema.org\",\"@graph\":[{\"@type\":\"WebPage\",\"@id\":\"https:\\\/\\\/www.petitesarvinesfully.ch\\\/de\\\/das-terroir\\\/\",\"url\":\"https:\\\/\\\/www.petitesarvinesfully.ch\\\/de\\\/das-terroir\\\/\",\"name\":\"La Petite Arvine de Fully : c\u00e9page et projet de d\u00e9veloppement r\u00e9gional\",\"isPartOf\":{\"@id\":\"https:\\\/\\\/www.petitesarvinesfully.ch\\\/de\\\/#website\"},\"datePublished\":\"2021-08-14T07:13:16+00:00\",\"dateModified\":\"2024-01-25T09:08:34+00:00\",\"description\":\"Fully est le berceau de la Petite Arvine. Le sol cristallin, terrain de jeu de nombreux artisans, conf\u00e8re au vin un go\u00fbt unique. D\u00e9couvrez notre terroir et venez d\u00e9guster nos sp\u00e9cialit\u00e9s.\",\"breadcrumb\":{\"@id\":\"https:\\\/\\\/www.petitesarvinesfully.ch\\\/de\\\/das-terroir\\\/#breadcrumb\"},\"inLanguage\":\"de\",\"potentialAction\":[{\"@type\":\"ReadAction\",\"target\":[\"https:\\\/\\\/www.petitesarvinesfully.ch\\\/de\\\/das-terroir\\\/\"]}]},{\"@type\":\"BreadcrumbList\",\"@id\":\"https:\\\/\\\/www.petitesarvinesfully.ch\\\/de\\\/das-terroir\\\/#breadcrumb\",\"itemListElement\":[{\"@type\":\"ListItem\",\"position\":1,\"name\":\"Accueil\",\"item\":\"https:\\\/\\\/www.petitesarvinesfully.ch\\\/de\\\/\"},{\"@type\":\"ListItem\",\"position\":2,\"name\":\"DAS TERROIR\"}]},{\"@type\":\"WebSite\",\"@id\":\"https:\\\/\\\/www.petitesarvinesfully.ch\\\/de\\\/#website\",\"url\":\"https:\\\/\\\/www.petitesarvinesfully.ch\\\/de\\\/\",\"name\":\"Petite Arvine\",\"description\":\"Just another WordPress site\",\"publisher\":{\"@id\":\"https:\\\/\\\/www.petitesarvinesfully.ch\\\/de\\\/#organization\"},\"potentialAction\":[{\"@type\":\"SearchAction\",\"target\":{\"@type\":\"EntryPoint\",\"urlTemplate\":\"https:\\\/\\\/www.petitesarvinesfully.ch\\\/de\\\/?s={search_term_string}\"},\"query-input\":{\"@type\":\"PropertyValueSpecification\",\"valueRequired\":true,\"valueName\":\"search_term_string\"}}],\"inLanguage\":\"de\"},{\"@type\":\"Organization\",\"@id\":\"https:\\\/\\\/www.petitesarvinesfully.ch\\\/de\\\/#organization\",\"name\":\"Fully Destination Petite Arvine\",\"url\":\"https:\\\/\\\/www.petitesarvinesfully.ch\\\/de\\\/\",\"logo\":{\"@type\":\"ImageObject\",\"inLanguage\":\"de\",\"@id\":\"https:\\\/\\\/www.petitesarvinesfully.ch\\\/de\\\/#\\\/schema\\\/logo\\\/image\\\/\",\"url\":\"https:\\\/\\\/www.petitesarvinesfully.ch\\\/wp-content\\\/uploads\\\/2023\\\/12\\\/logo-petites-arvines-fully.png\",\"contentUrl\":\"https:\\\/\\\/www.petitesarvinesfully.ch\\\/wp-content\\\/uploads\\\/2023\\\/12\\\/logo-petites-arvines-fully.png\",\"width\":1200,\"height\":1200,\"caption\":\"Fully Destination Petite Arvine\"},\"image\":{\"@id\":\"https:\\\/\\\/www.petitesarvinesfully.ch\\\/de\\\/#\\\/schema\\\/logo\\\/image\\\/\"},\"sameAs\":[\"https:\\\/\\\/www.facebook.com\\\/petitesarvinesfully\",\"https:\\\/\\\/www.instagram.com\\\/petitesarvinesfully\\\/\"]}]}<\/script>\n<!-- \/ Yoast SEO plugin. -->","yoast_head_json":{"title":"La Petite Arvine de Fully : c\u00e9page et projet de d\u00e9veloppement r\u00e9gional","description":"Fully est le berceau de la Petite Arvine. Le sol cristallin, terrain de jeu de nombreux artisans, conf\u00e8re au vin un go\u00fbt unique. D\u00e9couvrez notre terroir et venez d\u00e9guster nos sp\u00e9cialit\u00e9s.","robots":{"index":"index","follow":"follow","max-snippet":"max-snippet:-1","max-image-preview":"max-image-preview:large","max-video-preview":"max-video-preview:-1"},"canonical":"https:\/\/www.petitesarvinesfully.ch\/de\/das-terroir\/","og_locale":"de_DE","og_type":"article","og_title":"La Petite Arvine de Fully : c\u00e9page et projet de d\u00e9veloppement r\u00e9gional","og_description":"Fully est le berceau de la Petite Arvine. Le sol cristallin, terrain de jeu de nombreux artisans, conf\u00e8re au vin un go\u00fbt unique. D\u00e9couvrez notre terroir et venez d\u00e9guster nos sp\u00e9cialit\u00e9s.","og_url":"https:\/\/www.petitesarvinesfully.ch\/de\/das-terroir\/","og_site_name":"Petite Arvine","article_publisher":"https:\/\/www.facebook.com\/petitesarvinesfully","article_modified_time":"2024-01-25T09:08:34+00:00","twitter_card":"summary_large_image","twitter_misc":{"Gesch\u00e4tzte Lesezeit":"2\u00a0Minuten"},"schema":{"@context":"https:\/\/schema.org","@graph":[{"@type":"WebPage","@id":"https:\/\/www.petitesarvinesfully.ch\/de\/das-terroir\/","url":"https:\/\/www.petitesarvinesfully.ch\/de\/das-terroir\/","name":"La Petite Arvine de Fully : c\u00e9page et projet de d\u00e9veloppement r\u00e9gional","isPartOf":{"@id":"https:\/\/www.petitesarvinesfully.ch\/de\/#website"},"datePublished":"2021-08-14T07:13:16+00:00","dateModified":"2024-01-25T09:08:34+00:00","description":"Fully est le berceau de la Petite Arvine. Le sol cristallin, terrain de jeu de nombreux artisans, conf\u00e8re au vin un go\u00fbt unique. D\u00e9couvrez notre terroir et venez d\u00e9guster nos sp\u00e9cialit\u00e9s.","breadcrumb":{"@id":"https:\/\/www.petitesarvinesfully.ch\/de\/das-terroir\/#breadcrumb"},"inLanguage":"de","potentialAction":[{"@type":"ReadAction","target":["https:\/\/www.petitesarvinesfully.ch\/de\/das-terroir\/"]}]},{"@type":"BreadcrumbList","@id":"https:\/\/www.petitesarvinesfully.ch\/de\/das-terroir\/#breadcrumb","itemListElement":[{"@type":"ListItem","position":1,"name":"Accueil","item":"https:\/\/www.petitesarvinesfully.ch\/de\/"},{"@type":"ListItem","position":2,"name":"DAS TERROIR"}]},{"@type":"WebSite","@id":"https:\/\/www.petitesarvinesfully.ch\/de\/#website","url":"https:\/\/www.petitesarvinesfully.ch\/de\/","name":"Petite Arvine","description":"Just another WordPress site","publisher":{"@id":"https:\/\/www.petitesarvinesfully.ch\/de\/#organization"},"potentialAction":[{"@type":"SearchAction","target":{"@type":"EntryPoint","urlTemplate":"https:\/\/www.petitesarvinesfully.ch\/de\/?s={search_term_string}"},"query-input":{"@type":"PropertyValueSpecification","valueRequired":true,"valueName":"search_term_string"}}],"inLanguage":"de"},{"@type":"Organization","@id":"https:\/\/www.petitesarvinesfully.ch\/de\/#organization","name":"Fully Destination Petite Arvine","url":"https:\/\/www.petitesarvinesfully.ch\/de\/","logo":{"@type":"ImageObject","inLanguage":"de","@id":"https:\/\/www.petitesarvinesfully.ch\/de\/#\/schema\/logo\/image\/","url":"https:\/\/www.petitesarvinesfully.ch\/wp-content\/uploads\/2023\/12\/logo-petites-arvines-fully.png","contentUrl":"https:\/\/www.petitesarvinesfully.ch\/wp-content\/uploads\/2023\/12\/logo-petites-arvines-fully.png","width":1200,"height":1200,"caption":"Fully Destination Petite Arvine"},"image":{"@id":"https:\/\/www.petitesarvinesfully.ch\/de\/#\/schema\/logo\/image\/"},"sameAs":["https:\/\/www.facebook.com\/petitesarvinesfully","https:\/\/www.instagram.com\/petitesarvinesfully\/"]}]}},"_links":{"self":[{"href":"https:\/\/www.petitesarvinesfully.ch\/de\/wp-json\/wp\/v2\/pages\/1173","targetHints":{"allow":["GET"]}}],"collection":[{"href":"https:\/\/www.petitesarvinesfully.ch\/de\/wp-json\/wp\/v2\/pages"}],"about":[{"href":"https:\/\/www.petitesarvinesfully.ch\/de\/wp-json\/wp\/v2\/types\/page"}],"author":[{"embeddable":true,"href":"https:\/\/www.petitesarvinesfully.ch\/de\/wp-json\/wp\/v2\/users\/2"}],"replies":[{"embeddable":true,"href":"https:\/\/www.petitesarvinesfully.ch\/de\/wp-json\/wp\/v2\/comments?post=1173"}],"version-history":[{"count":9,"href":"https:\/\/www.petitesarvinesfully.ch\/de\/wp-json\/wp\/v2\/pages\/1173\/revisions"}],"predecessor-version":[{"id":2001,"href":"https:\/\/www.petitesarvinesfully.ch\/de\/wp-json\/wp\/v2\/pages\/1173\/revisions\/2001"}],"wp:attachment":[{"href":"https:\/\/www.petitesarvinesfully.ch\/de\/wp-json\/wp\/v2\/media?parent=1173"}],"curies":[{"name":"wp","href":"https:\/\/api.w.org\/{rel}","templated":true}]}}